{"id":2076,"date":"2025-07-04T17:55:21","date_gmt":"2025-07-04T17:55:21","guid":{"rendered":"https:\/\/cafespanahola.com\/?page_id=2076"},"modified":"2025-07-04T18:25:27","modified_gmt":"2025-07-04T18:25:27","slug":"faq","status":"publish","type":"page","link":"https:\/\/cafespanahola.com\/es\/faq\/","title":{"rendered":"Preguntas frecuentes"},"content":{"rendered":"<style>.elementor-2076 .elementor-element.elementor-element-fc5fcdc{--display:flex;--flex-direction:column;--container-widget-width:100%;--container-widget-height:initial;--container-widget-flex-grow:0;--container-widget-align-self:initial;--flex-wrap-mobile:wrap;}.elementor-2076 .elementor-element.elementor-element-aeeb37a{--display:flex;--min-height:400px;--justify-content:center;--border-radius:20px 20px 20px 20px;--padding-top:0px;--padding-bottom:0px;--padding-left:20px;--padding-right:20px;}.elementor-2076 .elementor-element.elementor-element-aeeb37a:not(.elementor-motion-effects-element-type-background), .elementor-2076 .elementor-element.elementor-element-aeeb37a > .elementor-motion-effects-container > .elementor-motion-effects-layer{background-color:#151713;background-image:url(\"https:\/\/cafespanahola.com\/wp-content\/uploads\/2025\/06\/intro-video-bg.jpeg\");background-position:center center;background-repeat:no-repeat;background-size:cover;}.elementor-widget-heading .elementor-heading-title{font-family:var( --e-global-typography-primary-font-family ), Sans-serif;font-weight:var( --e-global-typography-primary-font-weight );color:var( --e-global-color-primary );}.elementor-2076 .elementor-element.elementor-element-00952df{text-align:center;}.elementor-2076 .elementor-element.elementor-element-00952df .elementor-heading-title{font-family:\"Anek Bangla\", Sans-serif;font-size:45px;font-weight:600;letter-spacing:0.03em;color:#FFFFFF;}.elementor-2076 .elementor-element.elementor-element-50f1da5{--display:flex;--justify-content:center;--align-items:center;--container-widget-width:calc( ( 1 - var( --container-widget-flex-grow ) ) * 100% );--padding-top:50px;--padding-bottom:50px;--padding-left:0px;--padding-right:0px;}.elementor-2076 .elementor-element.elementor-element-92c335b .jeg-elementor-kit.jkit-accordion .card-wrapper.expand:not(.background-gradient), .elementor-2076 .elementor-element.elementor-element-92c335b .jeg-elementor-kit.jkit-accordion .card-wrapper.background-gradient:after{background-color:#FFFFFF;}.elementor-2076 .elementor-element.elementor-element-92c335b .jeg-elementor-kit.jkit-accordion .card-wrapper.expand .card-header:not(.background-gradient) .card-header-button, .elementor-2076 .elementor-element.elementor-element-92c335b .jeg-elementor-kit.jkit-accordion .card-wrapper .card-header.background-gradient:after{background-color:#27130C;}.elementor-2076 .elementor-element.elementor-element-92c335b .jeg-elementor-kit.jkit-accordion .card-wrapper .card-header:not(.background-gradient) .card-header-button, .elementor-2076 .elementor-element.elementor-element-92c335b .jeg-elementor-kit.jkit-accordion .card-wrapper .card-header.background-gradient:before{background-color:#27130C;}.elementor-2076 .elementor-element.elementor-element-92c335b .jeg-elementor-kit.jkit-accordion .card-wrapper:hover .card-header .card-header-button{background-color:#FFFFFF;}.elementor-2076 .elementor-element.elementor-element-92c335b{width:var( --container-widget-width, 80% );max-width:80%;--container-widget-width:80%;--container-widget-flex-grow:0;}.elementor-2076 .elementor-element.elementor-element-92c335b .jeg-elementor-kit.jkit-accordion .card-wrapper.expand{border-radius:20px 20px 20px 20px;}.elementor-2076 .elementor-element.elementor-element-92c335b .jeg-elementor-kit.jkit-accordion .card-wrapper .card-header .card-header-button{font-family:\"Anek Bangla\", Sans-serif;font-size:18px;font-weight:500;}.elementor-2076 .elementor-element.elementor-element-92c335b .jeg-elementor-kit.jkit-accordion .card-wrapper.expand .card-header .card-header-button{color:#FFFFFF;}.elementor-2076 .elementor-element.elementor-element-92c335b .jeg-elementor-kit.jkit-accordion .card-wrapper.expand .card-header .card-header-button, .elementor-2076 .elementor-element.elementor-element-92c335b .jeg-elementor-kit.jkit-accordion .card-wrapper .card-header.background-gradient::after{border-radius:15px 15px 15px 15px;}.elementor-2076 .elementor-element.elementor-element-92c335b .jeg-elementor-kit.jkit-accordion .card-wrapper:not(.expand) .card-header .card-header-button{color:#D39F65;}.elementor-2076 .elementor-element.elementor-element-92c335b .jeg-elementor-kit.jkit-accordion .card-wrapper:not(.expand) .card-header .card-header-button, .elementor-2076 .elementor-element.elementor-element-92c335b .jeg-elementor-kit.jkit-accordion .card-wrapper .card-header.background-gradient::before{border-radius:20px 20px 20px 20px;}.elementor-2076 .elementor-element.elementor-element-92c335b .jeg-elementor-kit.jkit-accordion .card-expand .card-body{font-family:\"Inter\", Sans-serif;}@media(max-width:1024px){.elementor-2076 .elementor-element.elementor-element-aeeb37a{--min-height:350px;}.elementor-2076 .elementor-element.elementor-element-00952df .elementor-heading-title{font-size:30px;}}@media(max-width:767px){.elementor-2076 .elementor-element.elementor-element-aeeb37a{--min-height:300px;--justify-content:flex-start;--align-items:center;--container-widget-width:calc( ( 1 - var( --container-widget-flex-grow ) ) * 100% );--border-radius:15px 15px 15px 15px;--padding-top:50px;--padding-bottom:0px;--padding-left:20px;--padding-right:20px;}.elementor-2076 .elementor-element.elementor-element-00952df .elementor-heading-title{font-size:30px;}.elementor-2076 .elementor-element.elementor-element-50f1da5{--padding-top:20px;--padding-bottom:50px;--padding-left:15px;--padding-right:15px;}.elementor-2076 .elementor-element.elementor-element-92c335b{width:100%;max-width:100%;}.elementor-2076 .elementor-element.elementor-element-92c335b .jeg-elementor-kit.jkit-accordion .card-wrapper .card-header .card-header-button{font-size:16px;}.elementor-2076 .elementor-element.elementor-element-92c335b .jeg-elementor-kit.jkit-accordion .card-wrapper.expand .card-header .card-header-button, .elementor-2076 .elementor-element.elementor-element-92c335b .jeg-elementor-kit.jkit-accordion .card-wrapper .card-header.background-gradient::after{border-radius:15px 15px 15px 15px;}.elementor-2076 .elementor-element.elementor-element-92c335b .jeg-elementor-kit.jkit-accordion .card-expand .card-body{font-size:16px;border-radius:15px 15px 15px 15px;padding:20px 20px 20px 20px;}}<\/style>\t\t<div data-elementor-type=\"wp-page\" data-elementor-id=\"2076\" class=\"elementor elementor-2076\" data-elementor-settings=\"{&quot;ha_cmc_init_switcher&quot;:&quot;no&quot;}\">\n\t\t\t\t<div class=\"has_eae_slider elementor-element elementor-element-fc5fcdc e-flex e-con-boxed lakit-col-width-auto-no jltma-glass-effect-no wpr-particle-no wpr-jarallax-no wpr-parallax-no wpr-sticky-section-no e-container e-root-container elementor-top-section e-con e-parent\" data-eae-slider=\"53647\" data-id=\"fc5fcdc\" data-element_type=\"container\" data-settings=\"{&quot;_ha_eqh_enable&quot;:false}\">\n\t\t\t\t\t<div class=\"e-con-inner\">\n\t\t<div class=\"has_eae_slider elementor-element elementor-element-aeeb37a e-con-full e-flex lakit-col-width-auto-no jltma-glass-effect-no wpr-particle-no wpr-jarallax-no wpr-parallax-no wpr-sticky-section-no e-container e-con e-child\" data-eae-slider=\"41719\" data-id=\"aeeb37a\" data-element_type=\"container\" data-settings=\"{&quot;background_background&quot;:&quot;classic&quot;,&quot;_ha_eqh_enable&quot;:false}\">\n\t\t\t\t<div class=\"elementor-element elementor-element-00952df jltma-glass-effect-no elementor-widget elementor-widget-heading\" data-id=\"00952df\" data-element_type=\"widget\" data-widget_type=\"heading.default\">\n\t\t\t\t<div class=\"elementor-widget-container\">\n\t\t\t\t\t<h2 class=\"elementor-heading-title elementor-size-default\">Preguntas frecuentes<\/h2>\t\t\t\t<\/div>\n\t\t\t\t<\/div>\n\t\t\t\t<\/div>\n\t\t\t\t\t<\/div>\n\t\t\t\t<\/div>\n\t\t<div class=\"has_eae_slider elementor-element elementor-element-50f1da5 e-flex e-con-boxed lakit-col-width-auto-no jltma-glass-effect-no wpr-particle-no wpr-jarallax-no wpr-parallax-no wpr-sticky-section-no e-container e-root-container elementor-top-section e-con e-parent\" data-eae-slider=\"59324\" data-id=\"50f1da5\" data-element_type=\"container\" data-settings=\"{&quot;_ha_eqh_enable&quot;:false}\">\n\t\t\t\t\t<div class=\"e-con-inner\">\n\t\t\t\t<div class=\"elementor-element elementor-element-92c335b elementor-widget__width-initial elementor-widget-mobile__width-inherit jltma-glass-effect-no elementor-widget elementor-widget-jkit_accordion\" data-id=\"92c335b\" data-element_type=\"widget\" data-widget_type=\"jkit_accordion.default\">\n\t\t\t\t<div class=\"elementor-widget-container\">\n\t\t\t\t\t<div  class=\"jeg-elementor-kit jkit-accordion style-default jeg_module___69de27264c57b\" ><div class=\"card-wrapper\">\n                <div class=\"card-header\">\n                    <a href=\"#expand-912d4fb\" class=\"card-header-button\" aria-expanded=\"false\" data-target=\"#expand-912d4fb\" aria-controls=\"expand-912d4fb\">\n                        <span class=\"title\">Lo que hace CAFESPA\u00d1A caf\u00e9 especial?<\/span><div class=\"right-icon-group\">\n                <div class=\"normal-icon\"><svg aria-hidden=\"true\" class=\"e-font-icon-svg e-fas-chevron-down\" viewbox=\"0 0 448 512\" xmlns=\"http:\/\/www.w3.org\/2000\/svg\"><path d=\"M207.029 381.476L12.686 187.132c-9.373-9.373-9.373-24.569 0-33.941l22.667-22.667c9.357-9.357 24.522-9.375 33.901-.04L224 284.505l154.745-154.021c9.379-9.335 24.544-9.317 33.901.04l22.667 22.667c9.373 9.373 9.373 24.569 0 33.941L240.971 381.476c-9.373 9.372-24.569 9.372-33.942 0z\"><\/path><\/svg><\/div>\n                <div class=\"active-icon\"><svg aria-hidden=\"true\" class=\"e-font-icon-svg e-fas-chevron-up\" viewbox=\"0 0 448 512\" xmlns=\"http:\/\/www.w3.org\/2000\/svg\"><path d=\"M240.971 130.524l194.343 194.343c9.373 9.373 9.373 24.569 0 33.941l-22.667 22.667c-9.357 9.357-24.522 9.375-33.901.04L224 227.495 69.255 381.516c-9.379 9.335-24.544 9.317-33.901-.04l-22.667-22.667c-9.373-9.373-9.373-24.569 0-33.941L207.03 130.525c9.372-9.373 24.568-9.373 33.941-.001z\"><\/path><\/svg><\/div>\n            <\/div>\n                    <\/a>\n                <\/div>\n                <div class=\"card-expand\" id=\"expand-912d4fb\" style=\"display:none\"><div class=\"card-body\"><p data-start=\"211\" data-end=\"372\">Usamos granos reci\u00e9n tostados de lotes peque\u00f1os y elaboramos cada taza con esmero. Nos centramos en la consistencia, el sabor y una experiencia de caf\u00e9 tranquila que querr\u00e1s repetir.<\/p><\/div><\/div>\n            <\/div><div class=\"card-wrapper\">\n                <div class=\"card-header\">\n                    <a href=\"#expand-0b5fa7d\" class=\"card-header-button\" aria-expanded=\"false\" data-target=\"#expand-0b5fa7d\" aria-controls=\"expand-0b5fa7d\">\n                        <span class=\"title\">\u00bfOfrecen opciones de leche no l\u00e1ctea?<\/span><div class=\"right-icon-group\">\n                <div class=\"normal-icon\"><svg aria-hidden=\"true\" class=\"e-font-icon-svg e-fas-chevron-down\" viewbox=\"0 0 448 512\" xmlns=\"http:\/\/www.w3.org\/2000\/svg\"><path d=\"M207.029 381.476L12.686 187.132c-9.373-9.373-9.373-24.569 0-33.941l22.667-22.667c9.357-9.357 24.522-9.375 33.901-.04L224 284.505l154.745-154.021c9.379-9.335 24.544-9.317 33.901.04l22.667 22.667c9.373 9.373 9.373 24.569 0 33.941L240.971 381.476c-9.373 9.372-24.569 9.372-33.942 0z\"><\/path><\/svg><\/div>\n                <div class=\"active-icon\"><svg aria-hidden=\"true\" class=\"e-font-icon-svg e-fas-chevron-up\" viewbox=\"0 0 448 512\" xmlns=\"http:\/\/www.w3.org\/2000\/svg\"><path d=\"M240.971 130.524l194.343 194.343c9.373 9.373 9.373 24.569 0 33.941l-22.667 22.667c-9.357 9.357-24.522 9.375-33.901.04L224 227.495 69.255 381.516c-9.379 9.335-24.544 9.317-33.901-.04l-22.667-22.667c-9.373-9.373-9.373-24.569 0-33.941L207.03 130.525c9.372-9.373 24.568-9.373 33.941-.001z\"><\/path><\/svg><\/div>\n            <\/div>\n                    <\/a>\n                <\/div>\n                <div class=\"card-expand\" id=\"expand-0b5fa7d\" style=\"display:none\"><div class=\"card-body\"><p>\u00a1S\u00ed! Ofrecemos alternativas a la leche de avena, almendras y soja que se adaptan a tus preferencias y necesidades diet\u00e9ticas.<\/p><\/div><\/div>\n            <\/div><div class=\"card-wrapper\">\n                <div class=\"card-header\">\n                    <a href=\"#expand-faabc10\" class=\"card-header-button\" aria-expanded=\"false\" data-target=\"#expand-faabc10\" aria-controls=\"expand-faabc10\">\n                        <span class=\"title\">\u00bfPuedo trabajar o estudiar en CAFESPA\u00d1A?<\/span><div class=\"right-icon-group\">\n                <div class=\"normal-icon\"><svg aria-hidden=\"true\" class=\"e-font-icon-svg e-fas-chevron-down\" viewbox=\"0 0 448 512\" xmlns=\"http:\/\/www.w3.org\/2000\/svg\"><path d=\"M207.029 381.476L12.686 187.132c-9.373-9.373-9.373-24.569 0-33.941l22.667-22.667c9.357-9.357 24.522-9.375 33.901-.04L224 284.505l154.745-154.021c9.379-9.335 24.544-9.317 33.901.04l22.667 22.667c9.373 9.373 9.373 24.569 0 33.941L240.971 381.476c-9.373 9.372-24.569 9.372-33.942 0z\"><\/path><\/svg><\/div>\n                <div class=\"active-icon\"><svg aria-hidden=\"true\" class=\"e-font-icon-svg e-fas-chevron-up\" viewbox=\"0 0 448 512\" xmlns=\"http:\/\/www.w3.org\/2000\/svg\"><path d=\"M240.971 130.524l194.343 194.343c9.373 9.373 9.373 24.569 0 33.941l-22.667 22.667c-9.357 9.357-24.522 9.375-33.901.04L224 227.495 69.255 381.516c-9.379 9.335-24.544 9.317-33.901-.04l-22.667-22.667c-9.373-9.373-9.373-24.569 0-33.941L207.03 130.525c9.372-9.373 24.568-9.373 33.941-.001z\"><\/path><\/svg><\/div>\n            <\/div>\n                    <\/a>\n                <\/div>\n                <div class=\"card-expand\" id=\"expand-faabc10\" style=\"display:none\"><div class=\"card-body\"><p data-start=\"211\" data-end=\"372\">Por supuesto. Nuestras cafeter\u00edas est\u00e1n dise\u00f1adas para brindar tranquilidad y comodidad, ideales para trabajar, estudiar o leer. Disponemos de wifi gratuito en todas nuestras instalaciones.<\/p><\/div><\/div>\n            <\/div><div class=\"card-wrapper\">\n                <div class=\"card-header\">\n                    <a href=\"#expand-1d2a25d\" class=\"card-header-button\" aria-expanded=\"false\" data-target=\"#expand-1d2a25d\" aria-controls=\"expand-1d2a25d\">\n                        <span class=\"title\">\u00bfTiene opciones de comida?<\/span><div class=\"right-icon-group\">\n                <div class=\"normal-icon\"><svg aria-hidden=\"true\" class=\"e-font-icon-svg e-fas-chevron-down\" viewbox=\"0 0 448 512\" xmlns=\"http:\/\/www.w3.org\/2000\/svg\"><path d=\"M207.029 381.476L12.686 187.132c-9.373-9.373-9.373-24.569 0-33.941l22.667-22.667c9.357-9.357 24.522-9.375 33.901-.04L224 284.505l154.745-154.021c9.379-9.335 24.544-9.317 33.901.04l22.667 22.667c9.373 9.373 9.373 24.569 0 33.941L240.971 381.476c-9.373 9.372-24.569 9.372-33.942 0z\"><\/path><\/svg><\/div>\n                <div class=\"active-icon\"><svg aria-hidden=\"true\" class=\"e-font-icon-svg e-fas-chevron-up\" viewbox=\"0 0 448 512\" xmlns=\"http:\/\/www.w3.org\/2000\/svg\"><path d=\"M240.971 130.524l194.343 194.343c9.373 9.373 9.373 24.569 0 33.941l-22.667 22.667c-9.357 9.357-24.522 9.375-33.901.04L224 227.495 69.255 381.516c-9.379 9.335-24.544 9.317-33.901-.04l-22.667-22.667c-9.373-9.373-9.373-24.569 0-33.941L207.03 130.525c9.372-9.373 24.568-9.373 33.941-.001z\"><\/path><\/svg><\/div>\n            <\/div>\n                    <\/a>\n                <\/div>\n                <div class=\"card-expand\" id=\"expand-1d2a25d\" style=\"display:none\"><div class=\"card-body\"><p data-start=\"211\" data-end=\"372\">S\u00ed. Junto a nuestro caf\u00e9, servimos una curada selecci\u00f3n de pasteles, aperitivos y bocadillos. Nuestro men\u00fa puede variar ligeramente seg\u00fan la ubicaci\u00f3n.<\/p><\/div><\/div>\n            <\/div><div class=\"card-wrapper\">\n                <div class=\"card-header\">\n                    <a href=\"#expand-a7d07c8\" class=\"card-header-button\" aria-expanded=\"false\" data-target=\"#expand-a7d07c8\" aria-controls=\"expand-a7d07c8\">\n                        <span class=\"title\">Donde puedo encontrar sus lugares?<\/span><div class=\"right-icon-group\">\n                <div class=\"normal-icon\"><svg aria-hidden=\"true\" class=\"e-font-icon-svg e-fas-chevron-down\" viewbox=\"0 0 448 512\" xmlns=\"http:\/\/www.w3.org\/2000\/svg\"><path d=\"M207.029 381.476L12.686 187.132c-9.373-9.373-9.373-24.569 0-33.941l22.667-22.667c9.357-9.357 24.522-9.375 33.901-.04L224 284.505l154.745-154.021c9.379-9.335 24.544-9.317 33.901.04l22.667 22.667c9.373 9.373 9.373 24.569 0 33.941L240.971 381.476c-9.373 9.372-24.569 9.372-33.942 0z\"><\/path><\/svg><\/div>\n                <div class=\"active-icon\"><svg aria-hidden=\"true\" class=\"e-font-icon-svg e-fas-chevron-up\" viewbox=\"0 0 448 512\" xmlns=\"http:\/\/www.w3.org\/2000\/svg\"><path d=\"M240.971 130.524l194.343 194.343c9.373 9.373 9.373 24.569 0 33.941l-22.667 22.667c-9.357 9.357-24.522 9.375-33.901.04L224 227.495 69.255 381.516c-9.379 9.335-24.544 9.317-33.901-.04l-22.667-22.667c-9.373-9.373-9.373-24.569 0-33.941L207.03 130.525c9.372-9.373 24.568-9.373 33.941-.001z\"><\/path><\/svg><\/div>\n            <\/div>\n                    <\/a>\n                <\/div>\n                <div class=\"card-expand\" id=\"expand-a7d07c8\" style=\"display:none\"><div class=\"card-body\"><p data-start=\"948\" data-end=\"1091\">Actualmente operamos en Madrid, Londres, Dubai, Singapur, Roma y Par\u00eds. Puede utilizar nuestro [Encontrar una Cafeter\u00eda] de la p\u00e1gina para localizar su distribuidor m\u00e1s cercano de CAFESPA\u00d1A.<\/p><\/div><\/div>\n            <\/div><div class=\"card-wrapper\">\n                <div class=\"card-header\">\n                    <a href=\"#expand-43a8480\" class=\"card-header-button\" aria-expanded=\"false\" data-target=\"#expand-43a8480\" aria-controls=\"expand-43a8480\">\n                        <span class=\"title\">\u00bfPuedo celebrar una peque\u00f1a reuni\u00f3n en la CAFESPA\u00d1A?<\/span><div class=\"right-icon-group\">\n                <div class=\"normal-icon\"><svg aria-hidden=\"true\" class=\"e-font-icon-svg e-fas-chevron-down\" viewbox=\"0 0 448 512\" xmlns=\"http:\/\/www.w3.org\/2000\/svg\"><path d=\"M207.029 381.476L12.686 187.132c-9.373-9.373-9.373-24.569 0-33.941l22.667-22.667c9.357-9.357 24.522-9.375 33.901-.04L224 284.505l154.745-154.021c9.379-9.335 24.544-9.317 33.901.04l22.667 22.667c9.373 9.373 9.373 24.569 0 33.941L240.971 381.476c-9.373 9.372-24.569 9.372-33.942 0z\"><\/path><\/svg><\/div>\n                <div class=\"active-icon\"><svg aria-hidden=\"true\" class=\"e-font-icon-svg e-fas-chevron-up\" viewbox=\"0 0 448 512\" xmlns=\"http:\/\/www.w3.org\/2000\/svg\"><path d=\"M240.971 130.524l194.343 194.343c9.373 9.373 9.373 24.569 0 33.941l-22.667 22.667c-9.357 9.357-24.522 9.375-33.901.04L224 227.495 69.255 381.516c-9.379 9.335-24.544 9.317-33.901-.04l-22.667-22.667c-9.373-9.373-9.373-24.569 0-33.941L207.03 130.525c9.372-9.373 24.568-9.373 33.941-.001z\"><\/path><\/svg><\/div>\n            <\/div>\n                    <\/a>\n                <\/div>\n                <div class=\"card-expand\" id=\"expand-43a8480\" style=\"display:none\"><div class=\"card-body\"><p data-start=\"1350\" data-end=\"1490\">S\u00ed, nuestro tranquilo caf\u00e9 espacios son ideales para los peque\u00f1os, encuentros casuales. Solicitamos a los hu\u00e9spedes a ser conscientes de los dem\u00e1s, disfrutando de la calma del entorno.<\/p><\/div><\/div>\n            <\/div><\/div>\t\t\t\t<\/div>\n\t\t\t\t<\/div>\n\t\t\t\t\t<\/div>\n\t\t\t\t<\/div>\n\t\t\t\t<\/div>","protected":false},"excerpt":{"rendered":"<p>FAQ What makes CAFESPA\u00d1A coffee special? We use freshly roasted, small-batch beans and craft each cup with care. Our focus is on consistency, flavor, and a calm caf\u00e9 experience you\u2019ll want to return to. Do you offer non-dairy milk options? Yes! We offer oat, almond, and soy milk alternatives to suit your preferences and dietary needs. Can I work or study at CAFESPA\u00d1A? Absolutely. Our caf\u00e9s are designed for quiet comfort\u2014perfect for working, studying, or reading. Free Wi-Fi is available in all locations. Do you have food options? Yes. Alongside our coffee, we serve a curated selection of pastries, light bites, and snacks. Our menu may vary slightly by location. Where can I find your locations? We currently operate in Madrid, London, Dubai, Singapore, Rome, and Paris. You can use our [Find a Caf\u00e9] page to locate your nearest CAFESPA\u00d1A. Can I host a small meeting at CAFESPA\u00d1A? Yes, our quiet caf\u00e9 spaces are ideal for small, casual meetings. We kindly ask guests to be mindful of others enjoying the calm environment.<\/p>","protected":false},"author":1,"featured_media":0,"parent":0,"menu_order":0,"comment_status":"closed","ping_status":"closed","template":"","meta":{"footnotes":""},"class_list":["post-2076","page","type-page","status-publish","hentry"],"_links":{"self":[{"href":"https:\/\/cafespanahola.com\/es\/wp-json\/wp\/v2\/pages\/2076","targetHints":{"allow":["GET"]}}],"collection":[{"href":"https:\/\/cafespanahola.com\/es\/wp-json\/wp\/v2\/pages"}],"about":[{"href":"https:\/\/cafespanahola.com\/es\/wp-json\/wp\/v2\/types\/page"}],"author":[{"embeddable":true,"href":"https:\/\/cafespanahola.com\/es\/wp-json\/wp\/v2\/users\/1"}],"replies":[{"embeddable":true,"href":"https:\/\/cafespanahola.com\/es\/wp-json\/wp\/v2\/comments?post=2076"}],"version-history":[{"count":19,"href":"https:\/\/cafespanahola.com\/es\/wp-json\/wp\/v2\/pages\/2076\/revisions"}],"predecessor-version":[{"id":2171,"href":"https:\/\/cafespanahola.com\/es\/wp-json\/wp\/v2\/pages\/2076\/revisions\/2171"}],"wp:attachment":[{"href":"https:\/\/cafespanahola.com\/es\/wp-json\/wp\/v2\/media?parent=2076"}],"curies":[{"name":"wp","href":"https:\/\/api.w.org\/{rel}","templated":true}]}}