{"id":1244,"date":"2025-06-24T17:57:07","date_gmt":"2025-06-24T17:57:07","guid":{"rendered":"https:\/\/cafespanahola.com\/?page_id=1244"},"modified":"2025-08-27T13:07:58","modified_gmt":"2025-08-27T13:07:58","slug":"contact-us","status":"publish","type":"page","link":"https:\/\/cafespanahola.com\/ar\/contact-us\/","title":{"rendered":"\u0627\u0644\u0627\u062a\u0635\u0627\u0644 \u0628\u0646\u0627"},"content":{"rendered":"<style>.elementor-1244 .elementor-element.elementor-element-199d2a3{--display:flex;--flex-direction:column;--container-widget-width:100%;--container-widget-height:initial;--container-widget-flex-grow:0;--container-widget-align-self:initial;--flex-wrap-mobile:wrap;}.elementor-1244 .elementor-element.elementor-element-9edd287{--display:flex;--min-height:400px;--justify-content:center;--border-radius:20px 20px 20px 20px;--padding-top:0px;--padding-bottom:0px;--padding-left:20px;--padding-right:20px;}.elementor-1244 .elementor-element.elementor-element-9edd287:not(.elementor-motion-effects-element-type-background), .elementor-1244 .elementor-element.elementor-element-9edd287 > .elementor-motion-effects-container > .elementor-motion-effects-layer{background-color:#151713;background-image:url(\"https:\/\/cafespanahola.com\/wp-content\/uploads\/2025\/06\/12-12-scaled-e1752144331595.jpg\");background-position:center right;background-repeat:no-repeat;background-size:60% auto;}.elementor-widget-heading .elementor-heading-title{font-family:var( --e-global-typography-primary-font-family ), Sans-serif;font-weight:var( --e-global-typography-primary-font-weight );color:var( --e-global-color-primary );}.elementor-1244 .elementor-element.elementor-element-40dfe88 .elementor-heading-title{font-family:\"Anek Bangla\", Sans-serif;font-size:45px;font-weight:600;letter-spacing:0.03em;color:#AB8054;}.elementor-1244 .elementor-element.elementor-element-a4cb769{--display:flex;--flex-direction:column;--container-widget-width:100%;--container-widget-height:initial;--container-widget-flex-grow:0;--container-widget-align-self:initial;--flex-wrap-mobile:wrap;--padding-top:20px;--padding-bottom:20px;--padding-left:20px;--padding-right:20px;}.elementor-1244 .elementor-element.elementor-element-d3558a3{--display:flex;--flex-direction:column;--container-widget-width:100%;--container-widget-height:initial;--container-widget-flex-grow:0;--container-widget-align-self:initial;--flex-wrap-mobile:wrap;--padding-top:30px;--padding-bottom:30px;--padding-left:20px;--padding-right:20px;}.elementor-widget-text-editor{font-family:var( --e-global-typography-text-font-family ), Sans-serif;font-weight:var( --e-global-typography-text-font-weight );color:var( --e-global-color-text );}.elementor-widget-text-editor.elementor-drop-cap-view-stacked .elementor-drop-cap{background-color:var( --e-global-color-primary );}.elementor-widget-text-editor.elementor-drop-cap-view-framed .elementor-drop-cap, .elementor-widget-text-editor.elementor-drop-cap-view-default .elementor-drop-cap{color:var( --e-global-color-primary );border-color:var( --e-global-color-primary );}.elementor-1244 .elementor-element.elementor-element-666107f{text-align:center;font-family:\"Inter\", Sans-serif;font-size:20px;font-weight:400;color:#131212;}.elementor-1244 .elementor-element.elementor-element-ce2cf11{text-align:center;font-family:\"Inter\", Sans-serif;font-size:20px;font-weight:400;color:#131212;}.elementor-1244 .elementor-element.elementor-element-d7e737a{--display:flex;--flex-direction:row;--container-widget-width:initial;--container-widget-height:100%;--container-widget-flex-grow:1;--container-widget-align-self:stretch;--flex-wrap-mobile:wrap;--gap:30px 30px;--row-gap:30px;--column-gap:30px;--padding-top:0px;--padding-bottom:50px;--padding-left:0px;--padding-right:0px;}.elementor-1244 .elementor-element.elementor-element-ead021f{--display:flex;--flex-direction:column;--container-widget-width:100%;--container-widget-height:initial;--container-widget-flex-grow:0;--container-widget-align-self:initial;--flex-wrap-mobile:wrap;}.elementor-1244 .elementor-element.elementor-element-672b667 .elementor-heading-title{font-family:\"Anek Bangla\", Sans-serif;font-size:45px;font-weight:600;letter-spacing:0.03em;color:#AB8054;}.elementor-1244 .elementor-element.elementor-element-e5b221f{font-family:\"Inter\", Sans-serif;font-size:20px;font-weight:400;color:#131212;}.elementor-1244 .elementor-element.elementor-element-2402f7b{--display:flex;--flex-direction:column;--container-widget-width:100%;--container-widget-height:initial;--container-widget-flex-grow:0;--container-widget-align-self:initial;--flex-wrap-mobile:wrap;--border-radius:20px 20px 20px 20px;}.elementor-1244 .elementor-element.elementor-element-2402f7b:not(.elementor-motion-effects-element-type-background), .elementor-1244 .elementor-element.elementor-element-2402f7b > .elementor-motion-effects-container > .elementor-motion-effects-layer{background-image:url(\"https:\/\/cafespanahola.com\/wp-content\/uploads\/2025\/07\/map-point-scaled-e1753381738874.jpg\");background-position:center center;background-size:cover;}@media(min-width:768px){.elementor-1244 .elementor-element.elementor-element-ead021f{--width:50%;}.elementor-1244 .elementor-element.elementor-element-2402f7b{--width:50%;}}@media(max-width:1024px){.elementor-1244 .elementor-element.elementor-element-199d2a3{--padding-top:0px;--padding-bottom:0px;--padding-left:20px;--padding-right:20px;}.elementor-1244 .elementor-element.elementor-element-9edd287{--min-height:350px;}.elementor-1244 .elementor-element.elementor-element-40dfe88 .elementor-heading-title{font-size:30px;}.elementor-1244 .elementor-element.elementor-element-d3558a3{--padding-top:20px;--padding-bottom:20px;--padding-left:20px;--padding-right:20px;}.elementor-1244 .elementor-element.elementor-element-666107f{width:100%;max-width:100%;font-size:16px;}.elementor-1244 .elementor-element.elementor-element-ce2cf11{width:100%;max-width:100%;font-size:16px;}.elementor-1244 .elementor-element.elementor-element-d7e737a{--padding-top:0px;--padding-bottom:50px;--padding-left:20px;--padding-right:20px;}.elementor-1244 .elementor-element.elementor-element-672b667 .elementor-heading-title{font-size:30px;}.elementor-1244 .elementor-element.elementor-element-e5b221f{width:100%;max-width:100%;font-size:16px;}}@media(max-width:767px){.elementor-1244 .elementor-element.elementor-element-199d2a3{--padding-top:0px;--padding-bottom:0px;--padding-left:15px;--padding-right:15px;}.elementor-1244 .elementor-element.elementor-element-9edd287{--min-height:300px;--justify-content:flex-start;--align-items:center;--container-widget-width:calc( ( 1 - var( --container-widget-flex-grow ) ) * 100% );--border-radius:15px 15px 15px 15px;--padding-top:50px;--padding-bottom:0px;--padding-left:20px;--padding-right:20px;}.elementor-1244 .elementor-element.elementor-element-9edd287:not(.elementor-motion-effects-element-type-background), .elementor-1244 .elementor-element.elementor-element-9edd287 > .elementor-motion-effects-container > .elementor-motion-effects-layer{background-size:100% auto;}.elementor-1244 .elementor-element.elementor-element-40dfe88 .elementor-heading-title{font-size:30px;}.elementor-1244 .elementor-element.elementor-element-a4cb769{--gap:0px 0px;--row-gap:0px;--column-gap:0px;}.elementor-1244 .elementor-element.elementor-element-d3558a3{--gap:0px 0px;--row-gap:0px;--column-gap:0px;--padding-top:0px;--padding-bottom:0px;--padding-left:0px;--padding-right:0px;}.elementor-1244 .elementor-element.elementor-element-d7e737a{--gap:0px 0px;--row-gap:0px;--column-gap:0px;}.elementor-1244 .elementor-element.elementor-element-672b667 .elementor-heading-title{font-size:25px;}.elementor-1244 .elementor-element.elementor-element-2402f7b{--min-height:300px;--border-radius:15px 15px 15px 15px;}}<\/style>\t\t<div data-elementor-type=\"wp-page\" data-elementor-id=\"1244\" class=\"elementor elementor-1244\" data-elementor-settings=\"{&quot;ha_cmc_init_switcher&quot;:&quot;no&quot;}\">\n\t\t\t\t<div class=\"has_eae_slider elementor-element elementor-element-199d2a3 e-flex e-con-boxed lakit-col-width-auto-no jltma-glass-effect-no wpr-particle-no wpr-jarallax-no wpr-parallax-no wpr-sticky-section-no e-container e-root-container elementor-top-section e-con e-parent\" data-eae-slider=\"98903\" data-id=\"199d2a3\" data-element_type=\"container\" data-settings=\"{&quot;_ha_eqh_enable&quot;:false}\">\n\t\t\t\t\t<div class=\"e-con-inner\">\n\t\t<div class=\"has_eae_slider elementor-element elementor-element-9edd287 e-con-full e-flex lakit-col-width-auto-no jltma-glass-effect-no wpr-particle-no wpr-jarallax-no wpr-parallax-no wpr-sticky-section-no e-container e-con e-child\" data-eae-slider=\"30937\" data-id=\"9edd287\" data-element_type=\"container\" data-settings=\"{&quot;background_background&quot;:&quot;classic&quot;,&quot;_ha_eqh_enable&quot;:false}\">\n\t\t\t\t<div class=\"elementor-element elementor-element-40dfe88 jltma-glass-effect-no elementor-widget elementor-widget-heading\" data-id=\"40dfe88\" data-element_type=\"widget\" data-widget_type=\"heading.default\">\n\t\t\t\t<div class=\"elementor-widget-container\">\n\t\t\t\t\t<h2 class=\"elementor-heading-title elementor-size-default\">\u0627\u0644\u0627\u062a\u0635\u0627\u0644 \u0628\u0646\u0627<\/h2>\t\t\t\t<\/div>\n\t\t\t\t<\/div>\n\t\t\t\t<\/div>\n\t\t\t\t\t<\/div>\n\t\t\t\t<\/div>\n\t\t<div class=\"has_eae_slider elementor-element elementor-element-a4cb769 e-flex e-con-boxed lakit-col-width-auto-no jltma-glass-effect-no wpr-particle-no wpr-jarallax-no wpr-parallax-no wpr-sticky-section-no e-container e-root-container elementor-top-section e-con e-parent\" data-eae-slider=\"79679\" data-id=\"a4cb769\" data-element_type=\"container\" data-settings=\"{&quot;_ha_eqh_enable&quot;:false}\">\n\t\t\t\t\t<div class=\"e-con-inner\">\n\t\t<div class=\"has_eae_slider elementor-element elementor-element-d3558a3 e-con-full e-flex lakit-col-width-auto-no jltma-glass-effect-no wpr-particle-no wpr-jarallax-no wpr-parallax-no wpr-sticky-section-no e-container e-con e-child\" data-eae-slider=\"36871\" data-id=\"d3558a3\" data-element_type=\"container\" data-settings=\"{&quot;_ha_eqh_enable&quot;:false}\">\n\t\t\t\t<div class=\"elementor-element elementor-element-666107f elementor-widget-tablet__width-inherit jltma-glass-effect-no elementor-widget elementor-widget-text-editor\" data-id=\"666107f\" data-element_type=\"widget\" data-widget_type=\"text-editor.default\">\n\t\t\t\t<div class=\"elementor-widget-container\">\n\t\t\t\t\t\t\t\t\t<p>\u0628\u062f\u0623\u062a \u0643\u0627\u0641\u06cc\u06be \u0627\u0633\u0628\u0627\u0646\u06cc\u0627 \u0628\u0645\u0642\u06be\u0649 \u0648\u0627\u062d\u062f \u0641\u064a \u0645\u062f\u0631\u06cc\u062f.<\/p><p>Email: service@cafespanahola.com<\/p>\t\t\t\t\t\t\t\t<\/div>\n\t\t\t\t<\/div>\n\t\t\t\t<div class=\"elementor-element elementor-element-ce2cf11 elementor-widget-tablet__width-inherit jltma-glass-effect-no elementor-widget elementor-widget-text-editor\" data-id=\"ce2cf11\" data-element_type=\"widget\" data-widget_type=\"text-editor.default\">\n\t\t\t\t<div class=\"elementor-widget-container\">\n\t\t\t\t\t\t\t\t\t<p><strong>\u0643\u0627\u0641\u064a\u0647 \u0625\u0633\u0628\u0627\u0646\u064a\u0627<\/strong><\/p><p>The concept idea was developed by<\/p><p>Monaqu investment &amp; future connection<\/p>\t\t\t\t\t\t\t\t<\/div>\n\t\t\t\t<\/div>\n\t\t\t\t<\/div>\n\t\t\t\t\t<\/div>\n\t\t\t\t<\/div>\n\t\t<div class=\"has_eae_slider elementor-element elementor-element-d7e737a e-flex e-con-boxed lakit-col-width-auto-no jltma-glass-effect-no wpr-particle-no wpr-jarallax-no wpr-parallax-no wpr-sticky-section-no e-container e-root-container elementor-top-section e-con e-parent\" data-eae-slider=\"14172\" data-id=\"d7e737a\" data-element_type=\"container\" data-settings=\"{&quot;_ha_eqh_enable&quot;:false}\">\n\t\t\t\t\t<div class=\"e-con-inner\">\n\t\t<div class=\"has_eae_slider elementor-element elementor-element-ead021f e-con-full e-flex lakit-col-width-auto-no jltma-glass-effect-no wpr-particle-no wpr-jarallax-no wpr-parallax-no wpr-sticky-section-no e-container e-con e-child\" data-eae-slider=\"50198\" data-id=\"ead021f\" data-element_type=\"container\" data-settings=\"{&quot;_ha_eqh_enable&quot;:false}\">\n\t\t\t\t<div class=\"elementor-element elementor-element-672b667 jltma-glass-effect-no elementor-widget elementor-widget-heading\" data-id=\"672b667\" data-element_type=\"widget\" data-widget_type=\"heading.default\">\n\t\t\t\t<div class=\"elementor-widget-container\">\n\t\t\t\t\t<h2 class=\"elementor-heading-title elementor-size-default\">\u0642\u0631\u06cc\u0628\u0627 \u0641\u0631\u0648\u0639 \u062d\u0648\u0644 \u0627\u0644\u0639\u0627\u0644\u0645<\/h2>\t\t\t\t<\/div>\n\t\t\t\t<\/div>\n\t\t\t\t<div class=\"elementor-element elementor-element-e5b221f elementor-widget-tablet__width-inherit jltma-glass-effect-no elementor-widget elementor-widget-text-editor\" data-id=\"e5b221f\" data-element_type=\"widget\" data-widget_type=\"text-editor.default\">\n\t\t\t\t<div class=\"elementor-widget-container\">\n\t\t\t\t\t\t\t\t\t<p>\u0648\u0646\u062d\u0646 \u0627\u0644\u0622\u0646 \u0646\u062e\u0637\u0637 \u0644\u0644\u062a\u0648\u0633\u0639 \u0641\u064a \u0623\u0633\u0648\u0627\u0642\n\u062c\u062f\u06cc\u062f\u0629:<\/p><ul><li>\u0645\u062f\u0631\u064a\u062f<\/li><li>\u0644\u0646\u062f\u0646<\/li><li>\u062f\u0628\u064a<\/li><li>\u0633\u0646\u063a\u0627\u0641\u0648\u0631\u0629<\/li><li>\u0631\u0648\u0645\u0627<\/li><li>\u0628\u0627\u0631\u064a\u0633<\/li><li>Hamburg<\/li><li>Kuala Lumpur<\/li><li>Damascus<\/li><\/ul><p>\u0633\u06cc\u062d\u0627\u0641\u0638 \u0643\u0644 \u0641\u0631\u0639 \u0639\u0644\u0649 \u0646\u0641\u0633 \u0627\u0644\u0645\u0639\u0627\u06cc\u06cc\u0631 \u0648\u0627\u0644\u0623\u062c\u0648\u0627\u0621.<\/p>\t\t\t\t\t\t\t\t<\/div>\n\t\t\t\t<\/div>\n\t\t\t\t<\/div>\n\t\t<div class=\"has_eae_slider elementor-element elementor-element-2402f7b e-con-full e-flex lakit-col-width-auto-no jltma-glass-effect-no wpr-particle-no wpr-jarallax-no wpr-parallax-no wpr-sticky-section-no e-container e-con e-child\" data-eae-slider=\"90504\" data-id=\"2402f7b\" data-element_type=\"container\" data-settings=\"{&quot;background_background&quot;:&quot;classic&quot;,&quot;_ha_eqh_enable&quot;:false}\">\n\t\t\t\t<\/div>\n\t\t\t\t\t<\/div>\n\t\t\t\t<\/div>\n\t\t\t\t<\/div>","protected":false},"excerpt":{"rendered":"<p>Contact Us CAFESPA\u00d1A started with a single caf\u00e9 in Madrid. Email: service@cafespanahola.com CAFESPA\u00d1A The concept idea was developed by Monaqu investment &amp; future connection Next Steps We are now planning to expand into new markets: Madrid London Dubai Singapore Rome Paris Hamburg Kuala Lumpur Damascus Each location will maintain the same standards and environment.<\/p>","protected":false},"author":1,"featured_media":0,"parent":0,"menu_order":0,"comment_status":"closed","ping_status":"closed","template":"","meta":{"footnotes":""},"class_list":["post-1244","page","type-page","status-publish","hentry"],"_links":{"self":[{"href":"https:\/\/cafespanahola.com\/ar\/wp-json\/wp\/v2\/pages\/1244","targetHints":{"allow":["GET"]}}],"collection":[{"href":"https:\/\/cafespanahola.com\/ar\/wp-json\/wp\/v2\/pages"}],"about":[{"href":"https:\/\/cafespanahola.com\/ar\/wp-json\/wp\/v2\/types\/page"}],"author":[{"embeddable":true,"href":"https:\/\/cafespanahola.com\/ar\/wp-json\/wp\/v2\/users\/1"}],"replies":[{"embeddable":true,"href":"https:\/\/cafespanahola.com\/ar\/wp-json\/wp\/v2\/comments?post=1244"}],"version-history":[{"count":37,"href":"https:\/\/cafespanahola.com\/ar\/wp-json\/wp\/v2\/pages\/1244\/revisions"}],"predecessor-version":[{"id":2463,"href":"https:\/\/cafespanahola.com\/ar\/wp-json\/wp\/v2\/pages\/1244\/revisions\/2463"}],"wp:attachment":[{"href":"https:\/\/cafespanahola.com\/ar\/wp-json\/wp\/v2\/media?parent=1244"}],"curies":[{"name":"wp","href":"https:\/\/api.w.org\/{rel}","templated":true}]}}