{"id":1130,"date":"2025-06-24T16:52:58","date_gmt":"2025-06-24T16:52:58","guid":{"rendered":"https:\/\/cafespanahola.com\/?page_id=1130"},"modified":"2025-07-04T17:26:24","modified_gmt":"2025-07-04T17:26:24","slug":"about-us","status":"publish","type":"page","link":"https:\/\/cafespanahola.com\/ar\/about-us\/","title":{"rendered":"About us"},"content":{"rendered":"<style>.elementor-1130 .elementor-element.elementor-element-f06cd34{--display:flex;--min-height:300px;--flex-direction:column;--container-widget-width:calc( ( 1 - var( --container-widget-flex-grow ) ) * 100% );--container-widget-height:initial;--container-widget-flex-grow:0;--container-widget-align-self:initial;--flex-wrap-mobile:wrap;--justify-content:center;--align-items:center;--padding-top:80px;--padding-bottom:80px;--padding-left:0px;--padding-right:0px;}.elementor-widget-heading .elementor-heading-title{font-family:var( --e-global-typography-primary-font-family ), Sans-serif;font-weight:var( --e-global-typography-primary-font-weight );color:var( --e-global-color-primary );}.elementor-1130 .elementor-element.elementor-element-5e14f29{text-align:center;}.elementor-1130 .elementor-element.elementor-element-5e14f29 .elementor-heading-title{font-family:\"Anek Bangla\", Sans-serif;font-size:20px;font-weight:400;letter-spacing:0.03em;color:#D39F65;}.elementor-1130 .elementor-element.elementor-element-849a622{width:var( --container-widget-width, 55% );max-width:55%;--container-widget-width:55%;--container-widget-flex-grow:0;text-align:center;}.elementor-1130 .elementor-element.elementor-element-849a622 .elementor-heading-title{font-family:\"Anek Bangla\", Sans-serif;font-size:66px;font-weight:600;letter-spacing:0.03em;color:#27130C;}.elementor-1130 .elementor-element.elementor-element-e275cfb{--display:flex;--flex-direction:column;--container-widget-width:100%;--container-widget-height:initial;--container-widget-flex-grow:0;--container-widget-align-self:initial;--flex-wrap-mobile:wrap;}.elementor-1130 .elementor-element.elementor-element-5d32aa7{--display:flex;--min-height:600px;--border-radius:20px 20px 20px 20px;}.elementor-1130 .elementor-element.elementor-element-5d32aa7:not(.elementor-motion-effects-element-type-background), .elementor-1130 .elementor-element.elementor-element-5d32aa7 > .elementor-motion-effects-container > .elementor-motion-effects-layer{background-image:url(\"https:\/\/cafespanahola.com\/wp-content\/uploads\/2025\/06\/intro-video-bg.jpeg\");background-position:center center;background-size:cover;}.elementor-1130 .elementor-element.elementor-element-2920f6d{--display:flex;--flex-direction:column;--container-widget-width:calc( ( 1 - var( --container-widget-flex-grow ) ) * 100% );--container-widget-height:initial;--container-widget-flex-grow:0;--container-widget-align-self:initial;--flex-wrap-mobile:wrap;--justify-content:center;--align-items:center;--padding-top:50px;--padding-bottom:80px;--padding-left:50px;--padding-right:50px;}.elementor-widget-text-editor{font-family:var( --e-global-typography-text-font-family ), Sans-serif;font-weight:var( --e-global-typography-text-font-weight );color:var( --e-global-color-text );}.elementor-widget-text-editor.elementor-drop-cap-view-stacked .elementor-drop-cap{background-color:var( --e-global-color-primary );}.elementor-widget-text-editor.elementor-drop-cap-view-framed .elementor-drop-cap, .elementor-widget-text-editor.elementor-drop-cap-view-default .elementor-drop-cap{color:var( --e-global-color-primary );border-color:var( --e-global-color-primary );}.elementor-1130 .elementor-element.elementor-element-19a72ea{width:var( --container-widget-width, 70% );max-width:70%;--container-widget-width:70%;--container-widget-flex-grow:0;text-align:center;font-family:\"Inter\", Sans-serif;font-size:30px;font-weight:400;color:#292725;}.elementor-1130 .elementor-element.elementor-element-b28a320{--display:flex;--flex-direction:row;--container-widget-width:initial;--container-widget-height:100%;--container-widget-flex-grow:1;--container-widget-align-self:stretch;--flex-wrap-mobile:wrap;--gap:20px 20px;--row-gap:20px;--column-gap:20px;}.elementor-1130 .elementor-element.elementor-element-7400176{--display:flex;--min-height:400px;--flex-direction:column;--container-widget-width:100%;--container-widget-height:initial;--container-widget-flex-grow:0;--container-widget-align-self:initial;--flex-wrap-mobile:wrap;--border-radius:20px 20px 20px 20px;}.elementor-1130 .elementor-element.elementor-element-7400176:not(.elementor-motion-effects-element-type-background), .elementor-1130 .elementor-element.elementor-element-7400176 > .elementor-motion-effects-container > .elementor-motion-effects-layer{background-image:url(\"https:\/\/cafespanahola.com\/wp-content\/uploads\/2025\/07\/1111-11-scaled.jpg\");background-position:bottom center;background-size:cover;}.elementor-1130 .elementor-element.elementor-element-a837f3b{--display:flex;--flex-direction:column;--container-widget-width:100%;--container-widget-height:initial;--container-widget-flex-grow:0;--container-widget-align-self:initial;--flex-wrap-mobile:wrap;--justify-content:center;}.elementor-1130 .elementor-element.elementor-element-919654e .elementor-heading-title{font-family:\"Anek Bangla\", Sans-serif;font-size:65px;font-weight:600;letter-spacing:0.03em;color:#D39F65;}.elementor-1130 .elementor-element.elementor-element-e90a7bd{font-family:\"Inter\", Sans-serif;font-size:22px;font-weight:400;color:#292725;}.elementor-1130 .elementor-element.elementor-element-870f832{--display:flex;--flex-direction:row;--container-widget-width:initial;--container-widget-height:100%;--container-widget-flex-grow:1;--container-widget-align-self:stretch;--flex-wrap-mobile:wrap;--gap:20px 20px;--row-gap:20px;--column-gap:20px;--padding-top:80px;--padding-bottom:80px;--padding-left:0px;--padding-right:0px;}.elementor-1130 .elementor-element.elementor-element-20224b9{--display:flex;--min-height:400px;--flex-direction:column;--container-widget-width:100%;--container-widget-height:initial;--container-widget-flex-grow:0;--container-widget-align-self:initial;--flex-wrap-mobile:wrap;--border-radius:20px 20px 20px 20px;}.elementor-1130 .elementor-element.elementor-element-20224b9:not(.elementor-motion-effects-element-type-background), .elementor-1130 .elementor-element.elementor-element-20224b9 > .elementor-motion-effects-container > .elementor-motion-effects-layer{background-image:url(\"https:\/\/cafespanahola.com\/wp-content\/uploads\/2025\/07\/66-06-scaled.jpg\");background-position:center center;background-size:cover;}.elementor-1130 .elementor-element.elementor-element-a9fc65b{--display:flex;--flex-direction:column;--container-widget-width:100%;--container-widget-height:initial;--container-widget-flex-grow:0;--container-widget-align-self:initial;--flex-wrap-mobile:wrap;--justify-content:center;}.elementor-1130 .elementor-element.elementor-element-e4e4557 .elementor-heading-title{font-family:\"Anek Bangla\", Sans-serif;font-size:65px;font-weight:600;letter-spacing:0.03em;color:#D39F65;}.elementor-1130 .elementor-element.elementor-element-e557415{font-family:\"Inter\", Sans-serif;font-size:22px;font-weight:400;color:#292725;}.elementor-1130 .elementor-element.elementor-element-f377800{--display:flex;--min-height:400px;--flex-direction:column;--container-widget-width:100%;--container-widget-height:initial;--container-widget-flex-grow:0;--container-widget-align-self:initial;--flex-wrap-mobile:wrap;--border-radius:20px 20px 20px 20px;}.elementor-1130 .elementor-element.elementor-element-f377800:not(.elementor-motion-effects-element-type-background), .elementor-1130 .elementor-element.elementor-element-f377800 > .elementor-motion-effects-container > .elementor-motion-effects-layer{background-image:url(\"https:\/\/cafespanahola.com\/wp-content\/uploads\/2025\/06\/tasty-scaled-e1750786762630.jpg\");background-position:bottom center;background-size:cover;}@media(min-width:768px){.elementor-1130 .elementor-element.elementor-element-7400176{--width:50%;}.elementor-1130 .elementor-element.elementor-element-a837f3b{--width:50%;}.elementor-1130 .elementor-element.elementor-element-20224b9{--width:50%;}.elementor-1130 .elementor-element.elementor-element-a9fc65b{--width:50%;}.elementor-1130 .elementor-element.elementor-element-f377800{--width:50%;}}@media(max-width:1024px){.elementor-1130 .elementor-element.elementor-element-f06cd34{--min-height:200px;--padding-top:50px;--padding-bottom:50px;--padding-left:0px;--padding-right:0px;}.elementor-1130 .elementor-element.elementor-element-5e14f29 .elementor-heading-title{font-size:16px;}.elementor-1130 .elementor-element.elementor-element-849a622 .elementor-heading-title{font-size:45px;}.elementor-1130 .elementor-element.elementor-element-e275cfb{--padding-top:0px;--padding-bottom:0px;--padding-left:20px;--padding-right:20px;}.elementor-1130 .elementor-element.elementor-element-5d32aa7{--min-height:500px;--border-radius:15px 15px 15px 15px;}.elementor-1130 .elementor-element.elementor-element-2920f6d{--padding-top:50px;--padding-bottom:50px;--padding-left:50px;--padding-right:50px;}.elementor-1130 .elementor-element.elementor-element-19a72ea{width:100%;max-width:100%;font-size:25px;}.elementor-1130 .elementor-element.elementor-element-b28a320{--padding-top:0px;--padding-bottom:0px;--padding-left:20px;--padding-right:20px;}.elementor-1130 .elementor-element.elementor-element-7400176{--min-height:350px;--border-radius:15px 15px 15px 15px;}.elementor-1130 .elementor-element.elementor-element-919654e .elementor-heading-title{font-size:45px;}.elementor-1130 .elementor-element.elementor-element-e90a7bd{width:100%;max-width:100%;font-size:18px;}.elementor-1130 .elementor-element.elementor-element-870f832{--padding-top:50px;--padding-bottom:50px;--padding-left:20px;--padding-right:20px;}.elementor-1130 .elementor-element.elementor-element-20224b9{--min-height:350px;--border-radius:15px 15px 15px 15px;}.elementor-1130 .elementor-element.elementor-element-e4e4557 .elementor-heading-title{font-size:45px;}.elementor-1130 .elementor-element.elementor-element-e557415{width:100%;max-width:100%;font-size:18px;}.elementor-1130 .elementor-element.elementor-element-f377800{--min-height:350px;--border-radius:15px 15px 15px 15px;}}@media(max-width:767px){.elementor-1130 .elementor-element.elementor-element-f06cd34{--padding-top:30px;--padding-bottom:30px;--padding-left:20px;--padding-right:20px;}.elementor-1130 .elementor-element.elementor-element-5e14f29{text-align:center;}.elementor-1130 .elementor-element.elementor-element-5e14f29 .elementor-heading-title{font-size:16px;}.elementor-1130 .elementor-element.elementor-element-849a622{width:100%;max-width:100%;text-align:center;}.elementor-1130 .elementor-element.elementor-element-849a622 .elementor-heading-title{font-size:40px;}.elementor-1130 .elementor-element.elementor-element-5d32aa7{--min-height:350px;}.elementor-1130 .elementor-element.elementor-element-2920f6d{--padding-top:30px;--padding-bottom:30px;--padding-left:20px;--padding-right:20px;}.elementor-1130 .elementor-element.elementor-element-19a72ea{text-align:center;font-size:22px;}.elementor-1130 .elementor-element.elementor-element-919654e{text-align:center;}.elementor-1130 .elementor-element.elementor-element-919654e .elementor-heading-title{font-size:45px;}.elementor-1130 .elementor-element.elementor-element-e90a7bd{text-align:center;}.elementor-1130 .elementor-element.elementor-element-870f832{--padding-top:30px;--padding-bottom:30px;--padding-left:20px;--padding-right:20px;}.elementor-1130 .elementor-element.elementor-element-20224b9:not(.elementor-motion-effects-element-type-background), .elementor-1130 .elementor-element.elementor-element-20224b9 > .elementor-motion-effects-container > .elementor-motion-effects-layer{background-image:url(\"https:\/\/cafespanahola.com\/wp-content\/uploads\/2025\/06\/tasty-scaled-e1750786762630.jpg\");}.elementor-1130 .elementor-element.elementor-element-e4e4557{text-align:center;}.elementor-1130 .elementor-element.elementor-element-e4e4557 .elementor-heading-title{font-size:45px;}.elementor-1130 .elementor-element.elementor-element-e557415{text-align:center;}}<\/style>\t\t<div data-elementor-type=\"wp-page\" data-elementor-id=\"1130\" class=\"elementor elementor-1130\" data-elementor-settings=\"{&quot;ha_cmc_init_switcher&quot;:&quot;no&quot;}\">\n\t\t\t\t<div class=\"has_eae_slider elementor-element elementor-element-f06cd34 e-flex e-con-boxed lakit-col-width-auto-no jltma-glass-effect-no wpr-particle-no wpr-jarallax-no wpr-parallax-no wpr-sticky-section-no e-container e-root-container elementor-top-section e-con e-parent\" data-eae-slider=\"21412\" data-id=\"f06cd34\" data-element_type=\"container\" data-settings=\"{&quot;_ha_eqh_enable&quot;:false}\">\n\t\t\t\t\t<div class=\"e-con-inner\">\n\t\t\t\t<div class=\"elementor-element elementor-element-5e14f29 jltma-glass-effect-no elementor-widget elementor-widget-heading\" data-id=\"5e14f29\" data-element_type=\"widget\" data-widget_type=\"heading.default\">\n\t\t\t\t<div class=\"elementor-widget-container\">\n\t\t\t\t\t<h2 class=\"elementor-heading-title elementor-size-default\">\u0639\u0646\u0627<\/h2>\t\t\t\t<\/div>\n\t\t\t\t<\/div>\n\t\t\t\t<div class=\"elementor-element elementor-element-849a622 elementor-widget__width-initial elementor-widget-mobile__width-inherit jltma-glass-effect-no elementor-widget elementor-widget-heading\" data-id=\"849a622\" data-element_type=\"widget\" data-widget_type=\"heading.default\">\n\t\t\t\t<div class=\"elementor-widget-container\">\n\t\t\t\t\t<h2 class=\"elementor-heading-title elementor-size-default\">\u0645\u0642\u0647\u0649 \u0647\u0627\u062f\u0626 \u0648\u0645\u0631\u062d\u0628 \u0628\u0627\u0644\u062c\u0645\u06cc\u0639.<\/h2>\t\t\t\t<\/div>\n\t\t\t\t<\/div>\n\t\t\t\t\t<\/div>\n\t\t\t\t<\/div>\n\t\t<div class=\"has_eae_slider elementor-element elementor-element-e275cfb e-flex e-con-boxed lakit-col-width-auto-no jltma-glass-effect-no wpr-particle-no wpr-jarallax-no wpr-parallax-no wpr-sticky-section-no e-container e-root-container elementor-top-section e-con e-parent\" data-eae-slider=\"95600\" data-id=\"e275cfb\" data-element_type=\"container\" data-settings=\"{&quot;_ha_eqh_enable&quot;:false}\">\n\t\t\t\t\t<div class=\"e-con-inner\">\n\t\t<div class=\"has_eae_slider elementor-element elementor-element-5d32aa7 e-flex e-con-boxed lakit-col-width-auto-no jltma-glass-effect-no wpr-particle-no wpr-jarallax-no wpr-parallax-no wpr-sticky-section-no e-container e-con e-child\" data-eae-slider=\"99455\" data-id=\"5d32aa7\" data-element_type=\"container\" data-settings=\"{&quot;background_background&quot;:&quot;classic&quot;,&quot;_ha_eqh_enable&quot;:false}\">\n\t\t\t\t\t<div class=\"e-con-inner\">\n\t\t\t\t\t<\/div>\n\t\t\t\t<\/div>\n\t\t\t\t\t<\/div>\n\t\t\t\t<\/div>\n\t\t<div class=\"has_eae_slider elementor-element elementor-element-2920f6d e-flex e-con-boxed lakit-col-width-auto-no jltma-glass-effect-no wpr-particle-no wpr-jarallax-no wpr-parallax-no wpr-sticky-section-no e-container e-root-container elementor-top-section e-con e-parent\" data-eae-slider=\"46225\" data-id=\"2920f6d\" data-element_type=\"container\" data-settings=\"{&quot;_ha_eqh_enable&quot;:false}\">\n\t\t\t\t\t<div class=\"e-con-inner\">\n\t\t\t\t<div class=\"elementor-element elementor-element-19a72ea elementor-widget__width-initial elementor-widget-tablet__width-inherit jltma-glass-effect-no elementor-widget elementor-widget-text-editor\" data-id=\"19a72ea\" data-element_type=\"widget\" data-widget_type=\"text-editor.default\">\n\t\t\t\t<div class=\"elementor-widget-container\">\n\t\t\t\t\t\t\t\t\t<p>\u0641\u064a \u0643\u0627\u0641\u064a\u0647\u0627\u062a \u0625\u0633\u0628\u0627\u0646\u064a\u0627\u060c \u0646\u0648\u0641\u0631 \u0645\u0633\u0627\u062d\u0627\u062a \u0647\u0627\u062f\u0626\u0629 \u0648\u0645\u0631\u062d\u0628\u0629 \u062d\u064a\u062b \u064a\u0645\u0643\u0646 \u0644\u0644\u0646\u0627\u0633 \u0627\u0644\u0627\u0633\u062a\u0645\u062a\u0627\u0639 \u0628\u0642\u0647\u0648\u0629 \u0639\u0627\u0644\u064a\u0629 \u0627\u0644\u062c\u0648\u062f\u0629 \u062f\u0648\u0646 \u0639\u0646\u0627\u0621. \u0627\u0646\u0637\u0644\u0627\u0642\u064b\u0627 \u0645\u0646 \u0645\u062f\u0631\u064a\u062f\u060c \u0646\u0631\u0643\u0632 \u0641\u064a \u0645\u0642\u0627\u0647\u064a\u0646\u0627 \u0639\u0644\u0649 \u0627\u0644\u0631\u0627\u062d\u0629 \u0648\u0627\u0644\u0627\u062a\u0633\u0627\u0642 \u0648\u0627\u0644\u0639\u0646\u0627\u064a\u0629. \u0643\u0644 \u0643\u0648\u0628 \u064a\u064f\u062d\u0636\u0651\u0631 \u0644\u064a\u0645\u0646\u062d\u0643 \u0644\u062d\u0638\u0629 \u0645\u0646 \u0627\u0644\u0647\u062f\u0648\u0621 \u0648\u0627\u0644\u0633\u0643\u064a\u0646\u0629\u060c \u0633\u0648\u0627\u0621\u064b \u0643\u0646\u062a \u062a\u0639\u0645\u0644 \u0623\u0648 \u062a\u062c\u062a\u0645\u0639 \u0623\u0648 \u062a\u0633\u062a\u0645\u062a\u0639 \u0628\u0648\u0642\u062a\u0643 \u0627\u0644\u062e\u0627\u0635.<\/p>\t\t\t\t\t\t\t\t<\/div>\n\t\t\t\t<\/div>\n\t\t\t\t\t<\/div>\n\t\t\t\t<\/div>\n\t\t<div class=\"has_eae_slider elementor-element elementor-element-b28a320 e-flex e-con-boxed lakit-col-width-auto-no jltma-glass-effect-no wpr-particle-no wpr-jarallax-no wpr-parallax-no wpr-sticky-section-no e-container e-root-container elementor-top-section e-con e-parent\" data-eae-slider=\"80027\" data-id=\"b28a320\" data-element_type=\"container\" data-settings=\"{&quot;_ha_eqh_enable&quot;:false}\">\n\t\t\t\t\t<div class=\"e-con-inner\">\n\t\t<div class=\"has_eae_slider elementor-element elementor-element-7400176 e-con-full e-flex lakit-col-width-auto-no jltma-glass-effect-no wpr-particle-no wpr-jarallax-no wpr-parallax-no wpr-sticky-section-no e-container e-con e-child\" data-eae-slider=\"20884\" data-id=\"7400176\" data-element_type=\"container\" data-settings=\"{&quot;background_background&quot;:&quot;classic&quot;,&quot;_ha_eqh_enable&quot;:false}\">\n\t\t\t\t<\/div>\n\t\t<div class=\"has_eae_slider elementor-element elementor-element-a837f3b e-con-full e-flex lakit-col-width-auto-no jltma-glass-effect-no wpr-particle-no wpr-jarallax-no wpr-parallax-no wpr-sticky-section-no e-container e-con e-child\" data-eae-slider=\"66788\" data-id=\"a837f3b\" data-element_type=\"container\" data-settings=\"{&quot;_ha_eqh_enable&quot;:false}\">\n\t\t\t\t<div class=\"elementor-element elementor-element-919654e jltma-glass-effect-no elementor-widget elementor-widget-heading\" data-id=\"919654e\" data-element_type=\"widget\" data-widget_type=\"heading.default\">\n\t\t\t\t<div class=\"elementor-widget-container\">\n\t\t\t\t\t<h2 class=\"elementor-heading-title elementor-size-default\">\u0645\u0647\u0645\u062a\u0646\u0627<\/h2>\t\t\t\t<\/div>\n\t\t\t\t<\/div>\n\t\t\t\t<div class=\"elementor-element elementor-element-e90a7bd elementor-widget-tablet__width-inherit jltma-glass-effect-no elementor-widget elementor-widget-text-editor\" data-id=\"e90a7bd\" data-element_type=\"widget\" data-widget_type=\"text-editor.default\">\n\t\t\t\t<div class=\"elementor-widget-container\">\n\t\t\t\t\t\t\t\t\t<p data-start=\"117\" data-end=\"446\">\u0645\u0647\u0645\u0629 \u0643\u0627\u0641\u064a\u0647\u0627\u062a \u0625\u0633\u0628\u0627\u0646\u064a\u0627 \u0647\u064a \u062a\u0642\u062f\u064a\u0645 \u0642\u0647\u0648\u0629 \u0639\u0627\u0644\u064a\u0629 \u0627\u0644\u062c\u0648\u062f\u0629 \u0628\u0627\u0633\u062a\u0645\u0631\u0627\u0631 \u0641\u064a \u0623\u062c\u0648\u0627\u0621 \u0647\u0627\u062f\u0626\u0629 \u0648\u0645\u0631\u062d\u0628\u0629. \u0646\u0631\u0643\u0632 \u0639\u0644\u0649 \u0627\u0644\u0631\u0627\u062d\u0629 \u0648\u0627\u0644\u0628\u0633\u0627\u0637\u0629 \u0648\u0627\u0644\u0631\u0639\u0627\u064a\u0629 \u0627\u0644\u062d\u0642\u064a\u0642\u064a\u0629\u060c \u0641\u0646\u0648\u0641\u0631 \u0645\u0633\u0627\u062d\u0627\u062a\u064d \u062a\u064f\u062a\u064a\u062d \u0644\u0644\u0646\u0627\u0633 \u0627\u0644\u0627\u0633\u062a\u0631\u062e\u0627\u0621 \u0648\u0627\u0644\u062a\u0648\u0627\u0635\u0644 \u0648\u0627\u0644\u062a\u0623\u0645\u0644. \u0643\u0644 \u0643\u0648\u0628 \u0646\u064f\u062d\u0636\u0651\u0631\u0647 \u0628\u0639\u0646\u0627\u064a\u0629 \u0641\u0627\u0626\u0642\u0629 \u0644\u064a\u0645\u0646\u062d\u0643 \u0627\u0644\u0647\u062f\u0648\u0621 \u0648\u0627\u0644\u062f\u0641\u0621 \u0648\u0644\u062d\u0638\u0629 \u0645\u0646 \u0627\u0644\u0647\u062f\u0648\u0621 \u0641\u064a \u0639\u0627\u0644\u0645\u0646\u0627 \u0627\u0644\u0645\u0632\u062f\u062d\u0645.<\/p>\t\t\t\t\t\t\t\t<\/div>\n\t\t\t\t<\/div>\n\t\t\t\t<\/div>\n\t\t\t\t\t<\/div>\n\t\t\t\t<\/div>\n\t\t<div class=\"has_eae_slider elementor-element elementor-element-870f832 e-flex e-con-boxed lakit-col-width-auto-no jltma-glass-effect-no wpr-particle-no wpr-jarallax-no wpr-parallax-no wpr-sticky-section-no e-container e-root-container elementor-top-section e-con e-parent\" data-eae-slider=\"45583\" data-id=\"870f832\" data-element_type=\"container\" data-settings=\"{&quot;_ha_eqh_enable&quot;:false}\">\n\t\t\t\t\t<div class=\"e-con-inner\">\n\t\t<div class=\"has_eae_slider elementor-element elementor-element-20224b9 e-con-full elementor-hidden-desktop elementor-hidden-tablet e-flex lakit-col-width-auto-no jltma-glass-effect-no wpr-particle-no wpr-jarallax-no wpr-parallax-no wpr-sticky-section-no e-container e-con e-child\" data-eae-slider=\"8029\" data-id=\"20224b9\" data-element_type=\"container\" data-settings=\"{&quot;background_background&quot;:&quot;classic&quot;,&quot;_ha_eqh_enable&quot;:false}\">\n\t\t\t\t<\/div>\n\t\t<div class=\"has_eae_slider elementor-element elementor-element-a9fc65b e-con-full e-flex lakit-col-width-auto-no jltma-glass-effect-no wpr-particle-no wpr-jarallax-no wpr-parallax-no wpr-sticky-section-no e-container e-con e-child\" data-eae-slider=\"84830\" data-id=\"a9fc65b\" data-element_type=\"container\" data-settings=\"{&quot;_ha_eqh_enable&quot;:false}\">\n\t\t\t\t<div class=\"elementor-element elementor-element-e4e4557 jltma-glass-effect-no elementor-widget elementor-widget-heading\" data-id=\"e4e4557\" data-element_type=\"widget\" data-widget_type=\"heading.default\">\n\t\t\t\t<div class=\"elementor-widget-container\">\n\t\t\t\t\t<h2 class=\"elementor-heading-title elementor-size-default\">\u0631\u0624\u064a\u062a\u0646\u0627<\/h2>\t\t\t\t<\/div>\n\t\t\t\t<\/div>\n\t\t\t\t<div class=\"elementor-element elementor-element-e557415 elementor-widget-tablet__width-inherit jltma-glass-effect-no elementor-widget elementor-widget-text-editor\" data-id=\"e557415\" data-element_type=\"widget\" data-widget_type=\"text-editor.default\">\n\t\t\t\t<div class=\"elementor-widget-container\">\n\t\t\t\t\t\t\t\t\t<p data-start=\"481\" data-end=\"788\">\u0631\u0624\u064a\u062a\u0646\u0627 \u0647\u064a \u0623\u0646 \u0646\u0637\u0648\u0631 \u0643\u0627\u0641\u064a\u0647\u0627\u062a \u0625\u0633\u0628\u0627\u0646\u064a\u0627 \u0644\u062a\u0635\u0628\u062d \u0639\u0644\u0627\u0645\u0629 \u062a\u062c\u0627\u0631\u064a\u0629 \u0639\u0627\u0644\u0645\u064a\u0629 \u0645\u0631\u0645\u0648\u0642\u0629 \u0641\u064a \u0645\u062c\u0627\u0644 \u0627\u0644\u0642\u0647\u0648\u0629\u060c \u062a\u064f\u0639\u0631\u0641 \u0628\u062c\u0648\u062f\u062a\u0647\u0627 \u0648\u062b\u0628\u0627\u062a\u0647\u0627 \u0648\u0647\u062f\u0648\u0626\u0647\u0627. \u0646\u0647\u062f\u0641 \u0625\u0644\u0649 \u062a\u0642\u062f\u064a\u0645 \u062a\u062c\u0631\u0628\u0629 \u0642\u0647\u0648\u0629 \u0645\u064f\u0645\u064a\u0632\u0629 \u0641\u064a \u0645\u062f\u0646 \u0627\u0644\u0639\u0627\u0644\u0645\u060c \u0645\u064f\u0648\u0641\u0631\u064a\u0646 \u0645\u0644\u0627\u0630\u064b\u0627 \u0647\u0627\u062f\u0626\u064b\u0627 \u0641\u064a \u0643\u0644 \u0645\u0643\u0627\u0646\u060c \u062d\u064a\u062b \u064a\u064f\u0645\u0643\u0646 \u0644\u0644\u0646\u0627\u0633 \u0627\u0644\u0627\u0633\u062a\u0631\u062e\u0627\u0621 \u0648\u0627\u0644\u0634\u0639\u0648\u0631 \u0628\u0627\u0644\u0631\u0627\u062d\u0629 \u0648\u0627\u0644\u0627\u0633\u062a\u0645\u062a\u0627\u0639 \u0628\u0627\u0644\u0642\u0647\u0648\u0629 \u0628\u0643\u0644 \u0645\u0639\u0646\u0649 \u0627\u0644\u0643\u0644\u0645\u0629.<\/p>\t\t\t\t\t\t\t\t<\/div>\n\t\t\t\t<\/div>\n\t\t\t\t<\/div>\n\t\t<div class=\"has_eae_slider elementor-element elementor-element-f377800 e-con-full elementor-hidden-mobile e-flex lakit-col-width-auto-no jltma-glass-effect-no wpr-particle-no wpr-jarallax-no wpr-parallax-no wpr-sticky-section-no e-container e-con e-child\" data-eae-slider=\"34452\" data-id=\"f377800\" data-element_type=\"container\" data-settings=\"{&quot;background_background&quot;:&quot;classic&quot;,&quot;_ha_eqh_enable&quot;:false}\">\n\t\t\t\t<\/div>\n\t\t\t\t\t<\/div>\n\t\t\t\t<\/div>\n\t\t\t\t<\/div>","protected":false},"excerpt":{"rendered":"<p>ABOUT US A calm and welcoming caf\u00e9 for everyone. At CAFESPA\u00d1A, we create calm, welcoming spaces where people can enjoy high-quality coffee without the rush. Born in Madrid, our caf\u00e9s focus on comfort, consistency, and care. Every cup is brewed to offer a peaceful moment\u2014whether you\u2019re working, meeting, or simply enjoying time to yourself. Mission CAFESPA\u00d1A\u2019s mission is to serve consistently high-quality coffee in peaceful, welcoming environments. We focus on comfort, simplicity, and genuine care\u2014creating spaces where people can relax, connect, or reflect. Every cup we brew is thoughtfully prepared to deliver calm, warmth, and a moment of stillness in today\u2019s busy world. Vision Our vision is to grow CAFESPA\u00d1A into a globally respected caf\u00e9 brand recognized for quality, consistency, and calm. We aim to bring our mindful coffee experience to cities around the world, offering a peaceful escape in every location\u2014where people can slow down, feel at home, and enjoy coffee with meaning.<\/p>","protected":false},"author":1,"featured_media":0,"parent":0,"menu_order":0,"comment_status":"closed","ping_status":"closed","template":"","meta":{"footnotes":""},"class_list":["post-1130","page","type-page","status-publish","hentry"],"_links":{"self":[{"href":"https:\/\/cafespanahola.com\/ar\/wp-json\/wp\/v2\/pages\/1130","targetHints":{"allow":["GET"]}}],"collection":[{"href":"https:\/\/cafespanahola.com\/ar\/wp-json\/wp\/v2\/pages"}],"about":[{"href":"https:\/\/cafespanahola.com\/ar\/wp-json\/wp\/v2\/types\/page"}],"author":[{"embeddable":true,"href":"https:\/\/cafespanahola.com\/ar\/wp-json\/wp\/v2\/users\/1"}],"replies":[{"embeddable":true,"href":"https:\/\/cafespanahola.com\/ar\/wp-json\/wp\/v2\/comments?post=1130"}],"version-history":[{"count":118,"href":"https:\/\/cafespanahola.com\/ar\/wp-json\/wp\/v2\/pages\/1130\/revisions"}],"predecessor-version":[{"id":2024,"href":"https:\/\/cafespanahola.com\/ar\/wp-json\/wp\/v2\/pages\/1130\/revisions\/2024"}],"wp:attachment":[{"href":"https:\/\/cafespanahola.com\/ar\/wp-json\/wp\/v2\/media?parent=1130"}],"curies":[{"name":"wp","href":"https:\/\/api.w.org\/{rel}","templated":true}]}}